{"id":301,"date":"2023-04-25T09:40:59","date_gmt":"2023-04-25T07:40:59","guid":{"rendered":"https:\/\/maril.hu\/impresszum\/"},"modified":"2023-05-02T11:39:21","modified_gmt":"2023-05-02T09:39:21","slug":"imprint","status":"publish","type":"page","link":"https:\/\/maril.hu\/en\/imprint\/","title":{"rendered":"Imprint"},"content":{"rendered":"<h1>Imprint<\/h1>\n\n<style type=\"text\/css\" data-created_by=\"avia_inline_auto\" id=\"style-css-av-9m4vd-1-86031b9e29d15d710fabb0129edab82e\">\n#top .hr.hr-invisible.av-9m4vd-1-86031b9e29d15d710fabb0129edab82e{\nheight:30px;\n}\n<\/style>\n<div  class='hr av-9m4vd-1-86031b9e29d15d710fabb0129edab82e hr-invisible  avia-builder-el-0  el_before_av_hr  avia-builder-el-first '><span class='hr-inner '><span class=\"hr-inner-style\"><\/span><\/span><\/div>\n<h3><strong>Maril Management Kft<\/strong><\/h3>\n\n<style type=\"text\/css\" data-created_by=\"avia_inline_auto\" id=\"style-css-av-9m4vd-1-2-3f2f8af4399c46795360d4b32088aa39\">\n#top .hr.hr-invisible.av-9m4vd-1-2-3f2f8af4399c46795360d4b32088aa39{\nheight:10px;\n}\n<\/style>\n<div  class='hr av-9m4vd-1-2-3f2f8af4399c46795360d4b32088aa39 hr-invisible  avia-builder-el-1  el_after_av_hr  el_before_av_hr '><span class='hr-inner '><span class=\"hr-inner-style\"><\/span><\/span><\/div>\n<div>Headquarter: 2400. Duna\u00fajv\u00e1ros, Lajos Kir\u00e1ly krt 6. 2\/1.<br \/>\nAddress: 1096. Budapest, Thaly K\u00e1lm\u00e1n utca 39. Manta Irodah\u00e1z<br \/>\nTax number: 32075791-2-07<br \/>\nRegistration number: 07 09 033896<br \/>\nEmail: <a href=\"mailto:office@maril.hu\">office@maril.hu<\/a><br \/>\nManaging director: Varga Marianna<\/div>\n<div><\/div>\n<div>\n\n<style type=\"text\/css\" data-created_by=\"avia_inline_auto\" id=\"style-css-av-9m4vd-fbe51c68729f326b0ecc01d39c5b0c46\">\n#top .hr.hr-invisible.av-9m4vd-fbe51c68729f326b0ecc01d39c5b0c46{\nheight:30px;\n}\n<\/style>\n<div  class='hr av-9m4vd-fbe51c68729f326b0ecc01d39c5b0c46 hr-invisible  avia-builder-el-2  el_after_av_hr  el_before_av_hr '><span class='hr-inner '><span class=\"hr-inner-style\"><\/span><\/span><\/div>\n<\/div>\n<div><\/div>\n<h3><strong>Hosting provider<\/strong><\/h3>\n<div>\n<style type=\"text\/css\" data-created_by=\"avia_inline_auto\" id=\"style-css-av-9m4vd-1-1-bb3f2d5f5f4b35a3cff463fe4be81b01\">\n#top .hr.hr-invisible.av-9m4vd-1-1-bb3f2d5f5f4b35a3cff463fe4be81b01{\nheight:10px;\n}\n<\/style>\n<div  class='hr av-9m4vd-1-1-bb3f2d5f5f4b35a3cff463fe4be81b01 hr-invisible  avia-builder-el-3  el_after_av_hr  avia-builder-el-last '><span class='hr-inner '><span class=\"hr-inner-style\"><\/span><\/span><\/div><\/div>\n<div>Rackhost Zrt.<br \/>\nCustomer service: +36 1 445 1200<br \/>\nEmail: <a href=\"mailto:info@rackhost.hu\">info@rackhost.hu<\/a><br \/>\nAddress: 6722 Szeged, Tisza Lajos k\u00f6r\u00fat 41.<br \/>\nTax number: 25333572-2-06<\/div>\n<div><\/div>\n","protected":false},"excerpt":{"rendered":"<p>Imprint Maril Management Kft Headquarter: 2400. Duna\u00fajv\u00e1ros, Lajos Kir\u00e1ly krt 6. 2\/1. Address: 1096. Budapest, Thaly K\u00e1lm\u00e1n utca 39. Manta Irodah\u00e1z Tax number: 32075791-2-07 Registration number: 07 09 033896 Email: office@maril.hu Managing director: Varga Marianna Hosting provider Rackhost Zrt. Customer service: +36 1 445 1200 Email: info@rackhost.hu Address: 6722 Szeged, Tisza Lajos k\u00f6r\u00fat 41. Tax [&hellip;]<\/p>\n","protected":false},"author":1,"featured_media":0,"parent":0,"menu_order":0,"comment_status":"closed","ping_status":"closed","template":"","meta":{"inline_featured_image":false,"footnotes":""},"class_list":["post-301","page","type-page","status-publish","hentry"],"_links":{"self":[{"href":"https:\/\/maril.hu\/en\/wp-json\/wp\/v2\/pages\/301","targetHints":{"allow":["GET"]}}],"collection":[{"href":"https:\/\/maril.hu\/en\/wp-json\/wp\/v2\/pages"}],"about":[{"href":"https:\/\/maril.hu\/en\/wp-json\/wp\/v2\/types\/page"}],"author":[{"embeddable":true,"href":"https:\/\/maril.hu\/en\/wp-json\/wp\/v2\/users\/1"}],"replies":[{"embeddable":true,"href":"https:\/\/maril.hu\/en\/wp-json\/wp\/v2\/comments?post=301"}],"version-history":[{"count":2,"href":"https:\/\/maril.hu\/en\/wp-json\/wp\/v2\/pages\/301\/revisions"}],"predecessor-version":[{"id":303,"href":"https:\/\/maril.hu\/en\/wp-json\/wp\/v2\/pages\/301\/revisions\/303"}],"wp:attachment":[{"href":"https:\/\/maril.hu\/en\/wp-json\/wp\/v2\/media?parent=301"}],"curies":[{"name":"wp","href":"https:\/\/api.w.org\/{rel}","templated":true}]}}